{"id":2598,"date":"2016-12-06T14:53:52","date_gmt":"2016-12-06T14:53:52","guid":{"rendered":"http:\/\/aim4knowledge.com\/?page_id=2598\/"},"modified":"2025-11-12T12:56:32","modified_gmt":"2025-11-12T11:56:32","slug":"om-oss","status":"publish","type":"page","link":"https:\/\/aim4knowledge.com\/sv\/om-oss\/","title":{"rendered":"Om oss"},"content":{"rendered":"<h1 style=\"font-weight: 400; text-align: left;\">DIN KUNSKAPSPARTNER<\/h1>\n<h3 style=\"font-weight: 400; text-align: left;\">Konsultation och utbildning \u00e4r k\u00e4rnan i v\u00e5r verksamhet och utifr\u00e5n denna ger vi r\u00e5d, utbildar och skapar kursmaterial f\u00f6r att underl\u00e4tta l\u00e4randet.<\/h3>\n<p>Vi fokuserar p\u00e5 att st\u00f6dja kunder med r\u00e5dgivning, utbildning och genom att ta fram marknadsledande utbildningsmaterial f\u00f6r att hj\u00e4lpa er till\u00e4mpa kunskapen. Vi efterstr\u00e4var konkreta resultat f\u00f6r v\u00e5ra kunder och f\u00f6rs\u00f6ker hela tiden utmana med nya l\u00f6sningar och omr\u00e5den.<\/p>\n<p><img decoding=\"async\" src=\"https:\/\/aim4knowledge.com\/wp-content\/uploads\/2016\/12\/coaching.jpg\" alt=\"\" \/><\/p>\n<h1 style=\"font-weight: 400; text-align: left;\">VILKA VI \u00c4R<\/h1>\n<h3 style=\"font-weight: 400; text-align: left;\">Hos oss arbetar Sveriges ledande experter inom IT Service Management som \u00e4lskar att dela med sig av sin kunskap. Vi har l\u00e5ng erfarenhet som konsulter, instrukt\u00f6rer och fr\u00e5n praktiskt arbete i b\u00e5de privata f\u00f6retag och offentlig sektor. Kontakta oss g\u00e4rna f\u00f6r referenser fr\u00e5n v\u00e5ra kunder.<\/h3>\n<h1 style=\"font-weight: 400; text-align: left;\">VAD VI ERBJUDER<\/h1>\n<ul>\n<li>Konsultst\u00f6d och r\u00e5dgivning avseende tj\u00e4nstefiering, IT-styrning och IT-ledning<\/li>\n<li>Ledande instrukt\u00f6rer\u00a0med l\u00e5ng utbildning och erfarenhet<\/li>\n<li>F\u00f6rel\u00e4sningar online eller p\u00e5 valfri plats<\/li>\n<\/ul>\n","protected":false},"excerpt":{"rendered":"<p>DIN KUNSKAPSPARTNER Konsultation och utbildning \u00e4r k\u00e4rnan i v\u00e5r verksamhet och utifr\u00e5n denna ger vi r\u00e5d, utbildar och skapar kursmaterial f\u00f6r att underl\u00e4tta l\u00e4randet. Vi fokuserar p\u00e5 att st\u00f6dja kunder med r\u00e5dgivning, utbildning och genom att ta fram marknadsledande utbildningsmaterial f\u00f6r att hj\u00e4lpa er till\u00e4mpa kunskapen. Vi efterstr\u00e4var konkreta resultat f\u00f6r v\u00e5ra kunder och f\u00f6rs\u00f6ker &hellip; <\/p>\n<p class=\"link-more\"><a href=\"https:\/\/aim4knowledge.com\/sv\/om-oss\/\" class=\"more-link\">Forts\u00e4tt l\u00e4sa<span class=\"screen-reader-text\"> \u201dOm oss\u201d<\/span><\/a><\/p>\n","protected":false},"author":1,"featured_media":0,"parent":0,"menu_order":0,"comment_status":"open","ping_status":"open","template":"","meta":{"om_disable_all_campaigns":false,"footnotes":""},"class_list":["post-2598","page","type-page","status-publish","hentry"],"_links":{"self":[{"href":"https:\/\/aim4knowledge.com\/sv\/wp-json\/wp\/v2\/pages\/2598","targetHints":{"allow":["GET"]}}],"collection":[{"href":"https:\/\/aim4knowledge.com\/sv\/wp-json\/wp\/v2\/pages"}],"about":[{"href":"https:\/\/aim4knowledge.com\/sv\/wp-json\/wp\/v2\/types\/page"}],"author":[{"embeddable":true,"href":"https:\/\/aim4knowledge.com\/sv\/wp-json\/wp\/v2\/users\/1"}],"replies":[{"embeddable":true,"href":"https:\/\/aim4knowledge.com\/sv\/wp-json\/wp\/v2\/comments?post=2598"}],"version-history":[{"count":0,"href":"https:\/\/aim4knowledge.com\/sv\/wp-json\/wp\/v2\/pages\/2598\/revisions"}],"wp:attachment":[{"href":"https:\/\/aim4knowledge.com\/sv\/wp-json\/wp\/v2\/media?parent=2598"}],"curies":[{"name":"wp","href":"https:\/\/api.w.org\/{rel}","templated":true}]}}