{"id":2599,"date":"2016-12-06T14:57:29","date_gmt":"2016-12-06T14:57:29","guid":{"rendered":"http:\/\/aim4knowledge.com\/?page_id=2599\/"},"modified":"2025-11-12T15:15:36","modified_gmt":"2025-11-12T14:15:36","slug":"kontakt","status":"publish","type":"page","link":"https:\/\/aim4knowledge.com\/sv\/kontakt\/","title":{"rendered":"Kontakta oss"},"content":{"rendered":"<p style=\"text-align: center;\"><em>V\u00e4nligen kontakta oss p\u00e5 adressen nedan s\u00e5<\/em><em>\u00a0h\u00f6r vi av oss inom kort.<\/em><\/p>\n<h2 style=\"text-align: center;\" data-fontsize=\"28\" data-lineheight=\"34\">TVEKA INTE ATT H\u00d6RA AV DIG!<\/h2>\n<p style=\"text-align: center;\">Aim 4 Knowledge AB<br \/>\nForsbackagatan 34<br \/>\n123 43 Farsta<\/p>\n<p style=\"text-align: center;\">+46 704 425 49 35<\/p>\n<p style=\"text-align: center;\"><a href=\"mailto:info@aim4knowledge.com\">info@aim4knowledge.com<\/a><\/p>\n<p style=\"text-align: center;\">VAT-nr: SE559012473001<\/p>\n<p style=\"text-align: center;\">Godk\u00e4nd f\u00f6r F-skatt<\/p>\n","protected":false},"excerpt":{"rendered":"<p>V\u00e4nligen kontakta oss p\u00e5 adressen nedan s\u00e5\u00a0h\u00f6r vi av oss inom kort. TVEKA INTE ATT H\u00d6RA AV DIG! Aim 4 Knowledge AB Forsbackagatan 34 123 43 Farsta +46 704 425 49 35 info@aim4knowledge.com VAT-nr: SE559012473001 Godk\u00e4nd f\u00f6r F-skatt<\/p>\n","protected":false},"author":1,"featured_media":0,"parent":0,"menu_order":0,"comment_status":"closed","ping_status":"open","template":"","meta":{"om_disable_all_campaigns":false,"footnotes":""},"class_list":["post-2599","page","type-page","status-publish","hentry"],"_links":{"self":[{"href":"https:\/\/aim4knowledge.com\/sv\/wp-json\/wp\/v2\/pages\/2599","targetHints":{"allow":["GET"]}}],"collection":[{"href":"https:\/\/aim4knowledge.com\/sv\/wp-json\/wp\/v2\/pages"}],"about":[{"href":"https:\/\/aim4knowledge.com\/sv\/wp-json\/wp\/v2\/types\/page"}],"author":[{"embeddable":true,"href":"https:\/\/aim4knowledge.com\/sv\/wp-json\/wp\/v2\/users\/1"}],"replies":[{"embeddable":true,"href":"https:\/\/aim4knowledge.com\/sv\/wp-json\/wp\/v2\/comments?post=2599"}],"version-history":[{"count":0,"href":"https:\/\/aim4knowledge.com\/sv\/wp-json\/wp\/v2\/pages\/2599\/revisions"}],"wp:attachment":[{"href":"https:\/\/aim4knowledge.com\/sv\/wp-json\/wp\/v2\/media?parent=2599"}],"curies":[{"name":"wp","href":"https:\/\/api.w.org\/{rel}","templated":true}]}}