{"id":7031,"date":"2019-10-30T15:00:42","date_gmt":"2019-10-30T15:00:42","guid":{"rendered":"https:\/\/aim4knowledge.com\/?page_id=7031"},"modified":"2025-11-12T12:55:01","modified_gmt":"2025-11-12T11:55:01","slug":"privacy-2","status":"publish","type":"page","link":"https:\/\/aim4knowledge.com\/sv\/privacy-2\/","title":{"rendered":"Privacy"},"content":{"rendered":"<h1 style=\"font-weight: 400; text-align: left;\">PERSONUPPGIFTER<\/h1>\n<p>Aim 4 Knowledge AB<br \/>\nForsbackagatan 34<br \/>\n123 43 Farsta<\/p>\n<p>epost:\u00a0<a href=\"mailto:info@aim4knowledge.com\">info@aim4knowledge.com<\/a><\/p>\n<p>Org.nr: 559012-4730<\/p>\n<p>Information om behandling av personuppgifter hos Aim 4 Knowledge AB<\/p>\n<p>I samband med inf\u00f6randet av EU:s dataskyddsf\u00f6rordning, GDPR (General Data Protection Regulation) s\u00e5 vill Aim 4 Knowledge AB upplysa v\u00e5ra kunder om hur vi behandlar de personuppgifter som beh\u00f6vs f\u00f6r att vi ska kunna administrera en kursbokning och certifieringsprov.<\/p>\n<p><strong>Personuppgiftsansvarig<\/strong><br \/>\nAim 4 Knowledge AB \u00e4r personuppgiftsansvarig, dvs. ansvarig f\u00f6r behandlingen av de personuppgifter som du l\u00e4mnar vid kursbokning och till ett certifieringsprov.<\/p>\n<p><strong>Personuppgifter som kan behandlas<\/strong><strong><br \/>\n<\/strong>Personuppgifter som kan behandlas \u00e4r uppgifter om ditt namn, adress, telefonnummer och e-postadress dvs. uppgifter som du sj\u00e4lv l\u00e4mnat till Aim 4 Knowledge AB. Personuppgifterna finns i Aim 4 Knowledge AB bokningsregister.<\/p>\n<p><strong>\u00c4ndam\u00e5len med behandlingen<\/strong><strong><br \/>\n<\/strong>Uppgifterna beh\u00f6vs f\u00f6r att vi ska kunna administrera din kursbokning samt f\u00f6r att fullg\u00f6ra \u00f6vriga \u00e5taganden f\u00f6r att kunna genomf\u00f6ra utbildning och certifieringsprov d\u00e4r du deltar. T.ex. kan det vara speciella \u00f6nskem\u00e5l kring allergier. Det kan ocks\u00e5 vara information om modersm\u00e5l som p\u00e5verkar tiden f\u00f6r ett certifieringsprov.<\/p>\n<p>Som kund till Aim 4 Knowledge AB f\u00e5r du bl.a. information via e-post om nya utbildningar och certifieringar.<\/p>\n<p><strong>Utl\u00e4mnande till annan<\/strong><strong><br \/>\n<\/strong>Personuppgifterna kan f\u00f6r samma \u00e4ndam\u00e5l som anges ovan, f\u00f6rutom av Aim 4 Knowledge AB, komma att behandlas av annan organisation\/samarbetspartner. Detta endast f\u00f6r att vi ska kunna fullg\u00f6ra v\u00e5ra f\u00f6rpliktelser\/skyldigheter av din kurs och certifieringsbokning samt mot g\u00e4llande lagar och f\u00f6rordningar.<\/p>\n<p><strong>Information om behandling <\/strong>av<strong> personuppgifter, r\u00e4ttelse m.m.<\/strong><strong><br \/>\n<\/strong>Du har r\u00e4tt att, p\u00e5 beg\u00e4ran, utan kostnad, f\u00e5 besked om vilka personuppgifter om dig som vi behandlar och hur vi behandlar dessa. Du har ocks\u00e5 r\u00e4tt att beg\u00e4ra r\u00e4ttelse i fr\u00e5ga om personuppgifter som vi behandlar om dig.<\/p>\n<p>Det \u00e4r av st\u00f6rsta vikt f\u00f6r Aim 4 Knowledge AB att de personuppgifter som behandlas om dig \u00e4r korrekta. Icke korrekta uppgifter kommer att r\u00e4ttas snarast m\u00f6jligt. F\u00f6r att du som kund ska f\u00e5 b\u00e4sta m\u00f6jliga service \u00e4r det viktigt att du omg\u00e5ende meddelar oss alla f\u00f6r\u00e4ndringar som kan p\u00e5verka v\u00e5ra leveranser av utbildning och certifiering till dig.<br \/>\nDu har ocks\u00e5 r\u00e4tt att beg\u00e4ra radering av dina uppgifter.<\/p>\n<p>Vidare har du r\u00e4tt att beg\u00e4ra begr\u00e4nsning av behandling av dina uppgifter samt att inge klagom\u00e5l till Datainspektionen.<\/p>\n<p>L\u00e4s mer om behandling av personuppgifter p\u00e5 <a href=\"http:\/\/www.datainspektionen.se\">www.datainspektionen.se<\/a>.<\/p>\n<p>Du samtycker till att Aim 4 Knowledge AB behandlar personuppgifter om dig i enlighet med det ovanst\u00e5ende, genom att fullf\u00f6lja din kursbokning h\u00e4r p\u00e5 v\u00e5r hemsida.<\/p>\n<p><strong>Kontakt<\/strong><br \/>\nAim 4 Knowledge AB<br \/>\ne- post: <a href=\"mailto:info@aim4knowledge.com\">info@aim4knowledge.com<\/a><\/p>\n","protected":false},"excerpt":{"rendered":"<p>PERSONUPPGIFTER Aim 4 Knowledge AB Forsbackagatan 34 123 43 Farsta epost:\u00a0info@aim4knowledge.com Org.nr: 559012-4730 Information om behandling av personuppgifter hos Aim 4 Knowledge AB I samband med inf\u00f6randet av EU:s dataskyddsf\u00f6rordning, GDPR (General Data Protection Regulation) s\u00e5 vill Aim 4 Knowledge AB upplysa v\u00e5ra kunder om hur vi behandlar de personuppgifter som beh\u00f6vs f\u00f6r att vi &hellip; <\/p>\n<p class=\"link-more\"><a href=\"https:\/\/aim4knowledge.com\/sv\/privacy-2\/\" class=\"more-link\">Forts\u00e4tt l\u00e4sa<span class=\"screen-reader-text\"> \u201dPrivacy\u201d<\/span><\/a><\/p>\n","protected":false},"author":1,"featured_media":0,"parent":0,"menu_order":0,"comment_status":"open","ping_status":"open","template":"100-width.php","meta":{"om_disable_all_campaigns":false,"footnotes":""},"class_list":["post-7031","page","type-page","status-publish","hentry"],"_links":{"self":[{"href":"https:\/\/aim4knowledge.com\/sv\/wp-json\/wp\/v2\/pages\/7031","targetHints":{"allow":["GET"]}}],"collection":[{"href":"https:\/\/aim4knowledge.com\/sv\/wp-json\/wp\/v2\/pages"}],"about":[{"href":"https:\/\/aim4knowledge.com\/sv\/wp-json\/wp\/v2\/types\/page"}],"author":[{"embeddable":true,"href":"https:\/\/aim4knowledge.com\/sv\/wp-json\/wp\/v2\/users\/1"}],"replies":[{"embeddable":true,"href":"https:\/\/aim4knowledge.com\/sv\/wp-json\/wp\/v2\/comments?post=7031"}],"version-history":[{"count":0,"href":"https:\/\/aim4knowledge.com\/sv\/wp-json\/wp\/v2\/pages\/7031\/revisions"}],"wp:attachment":[{"href":"https:\/\/aim4knowledge.com\/sv\/wp-json\/wp\/v2\/media?parent=7031"}],"curies":[{"name":"wp","href":"https:\/\/api.w.org\/{rel}","templated":true}]}}