{"id":7042,"date":"2019-10-31T13:56:27","date_gmt":"2019-10-31T13:56:27","guid":{"rendered":"https:\/\/aim4knowledge.com\/terms\/"},"modified":"2024-01-20T17:21:26","modified_gmt":"2024-01-20T17:21:26","slug":"villkor","status":"publish","type":"page","link":"https:\/\/aim4knowledge.com\/sv\/villkor\/","title":{"rendered":"Villkor"},"content":{"rendered":"<h1 style=\"font-weight: 400; text-align: left;\">Bokningsvillkor<\/h1>\n<p><strong>Fakturering och betalningsvillkor<\/strong><\/p>\n<p>Kurser och certifieringar kan best\u00e4llas mot faktura av f\u00f6retag. Fakturering sker med 30 dagars betalningsvillkor. Kursavgiften skall vara betald innan kursstart.<\/p>\n<p>Dr\u00f6jsm\u00e5lsr\u00e4nta debiteras med 2 procentenheter per m\u00e5nad vid utest\u00e5ende likvid fr\u00e5n och med 30 dagar efter fakturadatum till dess full likvid erlagts. Privatpersoner kan betala via Paypal<\/p>\n<p><strong>Av och ombokning av kurs<\/strong><\/p>\n<p>Kursanm\u00e4lan \u00e4r bindande men inte personbunden, utan kan \u00f6verl\u00e5tas till annan person inom samma f\u00f6retag. Skulle ombokning eller avbokning av kursplats beh\u00f6va g\u00f6ras skall detta ske senast tv\u00e5 veckor innan kursstart. Skulle detta ske vid mindre \u00e4n tv\u00e5 veckor kvar till kursstart debiteras 50% av kursavgiften. Hela kursavgiften debiteras om av- eller ombokning sker d\u00e5 mindre \u00e4n en vecka \u00e5terst\u00e5r innan kursstart.<\/p>\n<p><strong>Inst\u00e4lld kurs<\/strong><\/p>\n<p>Om Aim 4 Knowledge m\u00e5ste st\u00e4lla in en icke p\u00e5b\u00f6rjad kurs, oavsett anledning, \u00e4ger kunden r\u00e4tt att v\u00e4lja mellan att \u00e5terf\u00e5 erlagd kursavgift eller att ha erlagd kursavgift tillgodo inf\u00f6r framtida kurstillf\u00e4llen<\/p>\n<p><strong>Avbruten kurs<\/strong><\/p>\n<p>Om Aim 4 Knowledge m\u00e5ste avbryta en redan p\u00e5b\u00f6rjad kurs, oavsett anledning d\u00e4rtill skall Aim 4 Knowledge i m\u00f6jligaste m\u00e5n tillse att kunden prioriteras plats vid n\u00e4sta efterf\u00f6ljande kurstillf\u00e4lle. Kunden \u00e4ger alternativt r\u00e4tt att v\u00e4lja mellan att \u00e5terf\u00e5 kursavgiften ber\u00e4knat p\u00e5 outnyttjade kursdagar eller att erh\u00e5lla motsvarande belopp tillgodo inf\u00f6r framtida kurstillf\u00e4lle. Kursavgiften per dag fastst\u00e4lles genom att dividera totala kursavgiften med kursens totala antal utbildningsdagar<\/p>\n<p><strong>Ansvarsbegr\u00e4nsning<\/strong><\/p>\n<p>Ut\u00f6ver \u00e5terbetalning \u00e4ger kunden inte r\u00e4tt till n\u00e5gon ytterligare kompensation till f\u00f6ljd av att kurs st\u00e4lls in eller avbryts. Ej heller r\u00e4tt till r\u00e4nta under de dagar outnyttjad kursavgift st\u00e5r till Aim 4 Knowledges disposition.<\/p>\n","protected":false},"excerpt":{"rendered":"<p>Bokningsvillkor Fakturering och betalningsvillkor Kurser och certifieringar kan best\u00e4llas mot faktura av f\u00f6retag. Fakturering sker med 30 dagars betalningsvillkor. Kursavgiften skall vara betald innan kursstart. Dr\u00f6jsm\u00e5lsr\u00e4nta debiteras med 2 procentenheter per m\u00e5nad vid utest\u00e5ende likvid fr\u00e5n och med 30 dagar efter fakturadatum till dess full likvid erlagts. Privatpersoner kan betala via Paypal Av och ombokning &hellip; <\/p>\n<p class=\"link-more\"><a href=\"https:\/\/aim4knowledge.com\/sv\/villkor\/\" class=\"more-link\">Forts\u00e4tt l\u00e4sa<span class=\"screen-reader-text\"> \u201dVillkor\u201d<\/span><\/a><\/p>\n","protected":false},"author":1,"featured_media":0,"parent":0,"menu_order":0,"comment_status":"open","ping_status":"open","template":"100-width.php","meta":{"om_disable_all_campaigns":false,"footnotes":""},"class_list":["post-7042","page","type-page","status-publish","hentry"],"_links":{"self":[{"href":"https:\/\/aim4knowledge.com\/sv\/wp-json\/wp\/v2\/pages\/7042","targetHints":{"allow":["GET"]}}],"collection":[{"href":"https:\/\/aim4knowledge.com\/sv\/wp-json\/wp\/v2\/pages"}],"about":[{"href":"https:\/\/aim4knowledge.com\/sv\/wp-json\/wp\/v2\/types\/page"}],"author":[{"embeddable":true,"href":"https:\/\/aim4knowledge.com\/sv\/wp-json\/wp\/v2\/users\/1"}],"replies":[{"embeddable":true,"href":"https:\/\/aim4knowledge.com\/sv\/wp-json\/wp\/v2\/comments?post=7042"}],"version-history":[{"count":0,"href":"https:\/\/aim4knowledge.com\/sv\/wp-json\/wp\/v2\/pages\/7042\/revisions"}],"wp:attachment":[{"href":"https:\/\/aim4knowledge.com\/sv\/wp-json\/wp\/v2\/media?parent=7042"}],"curies":[{"name":"wp","href":"https:\/\/api.w.org\/{rel}","templated":true}]}}